{"id":3,"date":"2025-01-31T18:46:35","date_gmt":"2025-01-31T18:46:35","guid":{"rendered":"http:\/\/malvawilde.com\/?page_id=3"},"modified":"2026-02-13T14:59:45","modified_gmt":"2026-02-13T14:59:45","slug":"privacy-policy","status":"publish","type":"page","link":"https:\/\/malvawilde.com\/ca\/privacy-policy\/","title":{"rendered":"Pol\u00edtica de privacitat"},"content":{"rendered":"<p>Aquesta Pol\u00edtica de privacitat descriu com es recopilen, s&#039;utilitzen i es protegeixen les dades personals quan interactueu amb aquest lloc web.<br><br><strong>1. Controlador de dades<\/strong><\/p>\n\n\n\n<p><strong>Propietari del lloc web:<\/strong> Malva Wilde<\/p>\n\n\n\n<p><strong>Lloc web:<\/strong> https:\/\/malvawilde.com<\/p>\n\n\n\n<p><strong>Correu electr\u00f2nic de contacte:<\/strong> malvawilde@gmail.com<br><br><strong>2. Dades personals que recopilem<\/strong><\/p>\n\n\n\n<p><strong>a) Formulari de contacte<\/strong><\/p>\n\n\n\n<p>Quan feu servir el formulari de contacte, recopilem:<\/p>\n\n\n\n<ul class=\"wp-block-list\">\n<li>Nom<\/li>\n\n\n\n<li>Adre\u00e7a electr\u00f2nica<\/li>\n\n\n\n<li>Contingut del missatge<\/li>\n<\/ul>\n\n\n\n<p>Aquestes dades s&#039;utilitzen <strong>nom\u00e9s per respondre a la vostra consulta<\/strong>.<\/p>\n\n\n\n<h6 class=\"wp-block-heading\"><strong>b) Llista de correu \/ notificacions de concerts<\/strong><\/h6>\n\n\n\n<p>Quan et subscrius per rebre informaci\u00f3 sobre concerts i esdeveniments musicals, recopilem:<\/p>\n\n\n\n<ul class=\"wp-block-list\">\n<li>Nom (si s&#039;ha proporcionat)<\/li>\n\n\n\n<li>Adre\u00e7a electr\u00f2nica<\/li>\n<\/ul>\n\n\n\n<p>Les subscripcions es gestionen a trav\u00e9s de <strong>MailerLite<\/strong>, una plataforma de m\u00e0rqueting per correu electr\u00f2nic.<br><br><strong>3. Finalitat del tractament de dades<\/strong><\/p>\n\n\n\n<p>Les vostres dades personals es processen per a les seg\u00fcents finalitats:<\/p>\n\n\n\n<p>Per gestionar les subscripcions i les baixes de la llista de correu<\/p>\n\n\n\n<p>Per respondre als missatges enviats a trav\u00e9s del formulari de contacte<\/p>\n\n\n\n<p>Per enviar informaci\u00f3 sobre concerts, esdeveniments i activitats musicals (nom\u00e9s si heu donat el vostre consentiment expl\u00edcit)<br><br><strong>4. Base jur\u00eddica<\/strong><\/p>\n\n\n\n<p>La base legal per al tractament de les vostres dades \u00e9s:<\/p>\n\n\n\n<ul class=\"wp-block-list\">\n<li><strong>El vostre consentiment expl\u00edcit<\/strong>, atorgat marcant la casella d&#039;acceptaci\u00f3 als formularis<\/li>\n\n\n\n<li><strong>Inter\u00e8s leg\u00edtim<\/strong>, en respondre a consultes directes<\/li>\n<\/ul>\n\n\n\n<p>Podeu retirar el vostre consentiment en qualsevol moment.<br><br><strong>5. Retenci\u00f3 de dades<\/strong><\/p>\n\n\n\n<p>Les dades del formulari de contacte nom\u00e9s es conserven durant el temps necessari per respondre a la vostra sol\u00b7licitud.<\/p>\n\n\n\n<p>Les dades de la llista de correu s&#039;emmagatzemen fins que us doneu de baixa<\/p>\n\n\n\n<p>Pots donar-te de baixa en qualsevol moment mitjan\u00e7ant l&#039;enlla\u00e7 que s&#039;inclou a cada correu electr\u00f2nic.<br><br><strong>6. Serveis de tercers<\/strong><\/p>\n\n\n\n<p>Fem servir el seg\u00fcent servei de tercers:<\/p>\n\n\n\n<h6 class=\"wp-block-heading\"><strong>MailerLite<\/strong><\/h6>\n\n\n\n<p>Les subscripcions per correu electr\u00f2nic s\u00f3n gestionades per <strong>MailerLite<\/strong>, que compleix amb el RGPD.<\/p>\n\n\n\n<p>MailerLite pot emmagatzemar dades en servidors ubicats fora de la UE, utilitzant les mesures de seguretat adequades aprovades pel RGPD.<\/p>\n\n\n\n<p>M\u00e9s informaci\u00f3:<\/p>\n\n\n\n<p><a href=\"https:\/\/www.mailerlite.com\/legal\/privacy-policy\">https:\/\/www.mailerlite.com\/legal\/privacy-policy<\/a><br><br><strong>7. Drets dels interessats<\/strong><\/p>\n\n\n\n<p>Tens dret a:<\/p>\n\n\n\n<ul class=\"wp-block-list\">\n<li>Accedir a les teves dades personals<\/li>\n\n\n\n<li>Rectificar dades inexactes<\/li>\n\n\n\n<li>Sol\u00b7licita l&#039;esborrat de les teves dades<\/li>\n\n\n\n<li>Restringir o oposar-se al processament<\/li>\n\n\n\n<li>Sol\u00b7licita la portabilitat de les dades<\/li>\n<\/ul>\n\n\n\n<p>Per exercir els vostres drets, poseu-vos en contacte amb nosaltres a:<\/p>\n\n\n\n<p>malvawilde@gmail.com<\/p>\n\n\n\n<p>Tamb\u00e9 tens dret a presentar una queixa davant l&#039;autoritat local de protecci\u00f3 de dades.<br><br><strong>8. Seguretat de les dades<\/strong><br>Apliquem mesures t\u00e8cniques i organitzatives adequades per protegir les vostres dades personals contra l&#039;acc\u00e9s no autoritzat, la p\u00e8rdua o l&#039;\u00fas indegut.<br><strong><strong><strong><br><strong>9. Canvis en aquesta pol\u00edtica<\/strong><\/strong><\/strong><\/strong><br>Aquesta Pol\u00edtica de privacitat pot ser actualitzada per reflectir canvis legals o t\u00e8cnics. La versi\u00f3 actual sempre estar\u00e0 disponible en aquesta p\u00e0gina.<br><\/p>\n\n\n\n<p><\/p>","protected":false},"excerpt":{"rendered":"<p>This Privacy Policy describes how personal data is collected, used, and protected when you interact with this website. 1. Data Controller Website owner: Malva Wilde Website: https:\/\/malvawilde.com Contact email: malvawilde@gmail.com [&hellip;]<\/p>\n","protected":false},"author":1,"featured_media":0,"parent":0,"menu_order":0,"comment_status":"closed","ping_status":"closed","template":"","meta":{"footnotes":""},"class_list":["post-3","page","type-page","status-publish","hentry"],"blocksy_meta":{"has_hero_section":"enabled","styles_descriptor":{"styles":{"desktop":"[data-prefix=\"single_page\"] .entry-header .page-title {--theme-font-size:30px;} [data-prefix=\"single_page\"] .entry-header .entry-meta {--theme-font-weight:600;--theme-text-transform:uppercase;--theme-font-size:12px;--theme-line-height:1.3;}","tablet":"","mobile":""},"google_fonts":{"Google Sans":["n4","n6"]},"version":6}},"yoast_head":"<!-- This site is optimized with the Yoast SEO plugin v26.9 - https:\/\/yoast.com\/product\/yoast-seo-wordpress\/ -->\n<title>Privacy Policy - malvawilde<\/title>\n<meta name=\"robots\" content=\"index, follow, max-snippet:-1, max-image-preview:large, max-video-preview:-1\" \/>\n<link rel=\"canonical\" href=\"https:\/\/malvawilde.com\/ca\/privacy-policy\/\" \/>\n<meta property=\"og:locale\" content=\"ca_ES\" \/>\n<meta property=\"og:type\" content=\"article\" \/>\n<meta property=\"og:title\" content=\"Privacy Policy - malvawilde\" \/>\n<meta property=\"og:description\" content=\"This Privacy Policy describes how personal data is collected, used, and protected when you interact with this website. 1. Data Controller Website owner: Malva Wilde Website: https:\/\/malvawilde.com Contact email: malvawilde@gmail.com [&hellip;]\" \/>\n<meta property=\"og:url\" content=\"https:\/\/malvawilde.com\/ca\/privacy-policy\/\" \/>\n<meta property=\"og:site_name\" content=\"malvawilde\" \/>\n<meta property=\"article:modified_time\" content=\"2026-02-13T14:59:45+00:00\" \/>\n<meta name=\"twitter:card\" content=\"summary_large_image\" \/>\n<meta name=\"twitter:label1\" content=\"Temps estimat de lectura\" \/>\n\t<meta name=\"twitter:data1\" content=\"2 minuts\" \/>\n<script type=\"application\/ld+json\" class=\"yoast-schema-graph\">{\"@context\":\"https:\/\/schema.org\",\"@graph\":[{\"@type\":\"WebPage\",\"@id\":\"https:\/\/malvawilde.com\/privacy-policy\/\",\"url\":\"https:\/\/malvawilde.com\/privacy-policy\/\",\"name\":\"Privacy Policy - malvawilde\",\"isPartOf\":{\"@id\":\"https:\/\/malvawilde.com\/#website\"},\"datePublished\":\"2025-01-31T18:46:35+00:00\",\"dateModified\":\"2026-02-13T14:59:45+00:00\",\"breadcrumb\":{\"@id\":\"https:\/\/malvawilde.com\/privacy-policy\/#breadcrumb\"},\"inLanguage\":\"ca\",\"potentialAction\":[{\"@type\":\"ReadAction\",\"target\":[\"https:\/\/malvawilde.com\/privacy-policy\/\"]}]},{\"@type\":\"BreadcrumbList\",\"@id\":\"https:\/\/malvawilde.com\/privacy-policy\/#breadcrumb\",\"itemListElement\":[{\"@type\":\"ListItem\",\"position\":1,\"name\":\"Portada\",\"item\":\"https:\/\/malvawilde.com\/\"},{\"@type\":\"ListItem\",\"position\":2,\"name\":\"Privacy Policy\"}]},{\"@type\":\"WebSite\",\"@id\":\"https:\/\/malvawilde.com\/#website\",\"url\":\"https:\/\/malvawilde.com\/\",\"name\":\"malvawilde\",\"description\":\"\",\"publisher\":{\"@id\":\"https:\/\/malvawilde.com\/#\/schema\/person\/4c1797fee3f97a664d532e9652824bfb\"},\"potentialAction\":[{\"@type\":\"SearchAction\",\"target\":{\"@type\":\"EntryPoint\",\"urlTemplate\":\"https:\/\/malvawilde.com\/?s={search_term_string}\"},\"query-input\":{\"@type\":\"PropertyValueSpecification\",\"valueRequired\":true,\"valueName\":\"search_term_string\"}}],\"inLanguage\":\"ca\"},{\"@type\":[\"Person\",\"Organization\"],\"@id\":\"https:\/\/malvawilde.com\/#\/schema\/person\/4c1797fee3f97a664d532e9652824bfb\",\"name\":\"malvawilde@gmail.com\",\"image\":{\"@type\":\"ImageObject\",\"inLanguage\":\"ca\",\"@id\":\"https:\/\/malvawilde.com\/#\/schema\/person\/image\/\",\"url\":\"https:\/\/malvawilde.com\/wp-content\/uploads\/2025\/01\/FOTO-5-HD-scaled.jpg\",\"contentUrl\":\"https:\/\/malvawilde.com\/wp-content\/uploads\/2025\/01\/FOTO-5-HD-scaled.jpg\",\"width\":1707,\"height\":2560,\"caption\":\"malvawilde@gmail.com\"},\"logo\":{\"@id\":\"https:\/\/malvawilde.com\/#\/schema\/person\/image\/\"},\"sameAs\":[\"http:\/\/malvawilde.com\"]}]}<\/script>\n<!-- \/ Yoast SEO plugin. -->","yoast_head_json":{"title":"Privacy Policy - malvawilde","robots":{"index":"index","follow":"follow","max-snippet":"max-snippet:-1","max-image-preview":"max-image-preview:large","max-video-preview":"max-video-preview:-1"},"canonical":"https:\/\/malvawilde.com\/ca\/privacy-policy\/","og_locale":"ca_ES","og_type":"article","og_title":"Privacy Policy - malvawilde","og_description":"This Privacy Policy describes how personal data is collected, used, and protected when you interact with this website. 1. Data Controller Website owner: Malva Wilde Website: https:\/\/malvawilde.com Contact email: malvawilde@gmail.com [&hellip;]","og_url":"https:\/\/malvawilde.com\/ca\/privacy-policy\/","og_site_name":"malvawilde","article_modified_time":"2026-02-13T14:59:45+00:00","twitter_card":"summary_large_image","twitter_misc":{"Temps estimat de lectura":"2 minuts"},"schema":{"@context":"https:\/\/schema.org","@graph":[{"@type":"WebPage","@id":"https:\/\/malvawilde.com\/privacy-policy\/","url":"https:\/\/malvawilde.com\/privacy-policy\/","name":"Privacy Policy - malvawilde","isPartOf":{"@id":"https:\/\/malvawilde.com\/#website"},"datePublished":"2025-01-31T18:46:35+00:00","dateModified":"2026-02-13T14:59:45+00:00","breadcrumb":{"@id":"https:\/\/malvawilde.com\/privacy-policy\/#breadcrumb"},"inLanguage":"ca","potentialAction":[{"@type":"ReadAction","target":["https:\/\/malvawilde.com\/privacy-policy\/"]}]},{"@type":"BreadcrumbList","@id":"https:\/\/malvawilde.com\/privacy-policy\/#breadcrumb","itemListElement":[{"@type":"ListItem","position":1,"name":"Portada","item":"https:\/\/malvawilde.com\/"},{"@type":"ListItem","position":2,"name":"Privacy Policy"}]},{"@type":"WebSite","@id":"https:\/\/malvawilde.com\/#website","url":"https:\/\/malvawilde.com\/","name":"malvawilde","description":"","publisher":{"@id":"https:\/\/malvawilde.com\/#\/schema\/person\/4c1797fee3f97a664d532e9652824bfb"},"potentialAction":[{"@type":"SearchAction","target":{"@type":"EntryPoint","urlTemplate":"https:\/\/malvawilde.com\/?s={search_term_string}"},"query-input":{"@type":"PropertyValueSpecification","valueRequired":true,"valueName":"search_term_string"}}],"inLanguage":"ca"},{"@type":["Person","Organization"],"@id":"https:\/\/malvawilde.com\/#\/schema\/person\/4c1797fee3f97a664d532e9652824bfb","name":"malvawilde@gmail.com","image":{"@type":"ImageObject","inLanguage":"ca","@id":"https:\/\/malvawilde.com\/#\/schema\/person\/image\/","url":"https:\/\/malvawilde.com\/wp-content\/uploads\/2025\/01\/FOTO-5-HD-scaled.jpg","contentUrl":"https:\/\/malvawilde.com\/wp-content\/uploads\/2025\/01\/FOTO-5-HD-scaled.jpg","width":1707,"height":2560,"caption":"malvawilde@gmail.com"},"logo":{"@id":"https:\/\/malvawilde.com\/#\/schema\/person\/image\/"},"sameAs":["http:\/\/malvawilde.com"]}]}},"_links":{"self":[{"href":"https:\/\/malvawilde.com\/ca\/wp-json\/wp\/v2\/pages\/3","targetHints":{"allow":["GET"]}}],"collection":[{"href":"https:\/\/malvawilde.com\/ca\/wp-json\/wp\/v2\/pages"}],"about":[{"href":"https:\/\/malvawilde.com\/ca\/wp-json\/wp\/v2\/types\/page"}],"author":[{"embeddable":true,"href":"https:\/\/malvawilde.com\/ca\/wp-json\/wp\/v2\/users\/1"}],"replies":[{"embeddable":true,"href":"https:\/\/malvawilde.com\/ca\/wp-json\/wp\/v2\/comments?post=3"}],"version-history":[{"count":5,"href":"https:\/\/malvawilde.com\/ca\/wp-json\/wp\/v2\/pages\/3\/revisions"}],"predecessor-version":[{"id":1823,"href":"https:\/\/malvawilde.com\/ca\/wp-json\/wp\/v2\/pages\/3\/revisions\/1823"}],"wp:attachment":[{"href":"https:\/\/malvawilde.com\/ca\/wp-json\/wp\/v2\/media?parent=3"}],"curies":[{"name":"wp","href":"https:\/\/api.w.org\/{rel}","templated":true}]}}