{"id":1688,"date":"2026-02-09T15:48:25","date_gmt":"2026-02-09T15:48:25","guid":{"rendered":"https:\/\/malvawilde.com\/?page_id=1688"},"modified":"2026-02-09T17:18:44","modified_gmt":"2026-02-09T17:18:44","slug":"booking","status":"publish","type":"page","link":"https:\/\/malvawilde.com\/ca\/booking\/","title":{"rendered":"Reserva"},"content":{"rendered":"<p>Malva Wilde presenta un espectacle en directe \u00edntim per\u00f2 potent, amb can\u00e7ons originals que barregen folk, rock i indie pop.<\/p>\n\n\n\n<p>Disponible en format de banda completa o redu\u00eft, el projecte s&#039;adapta naturalment a sales, festivals i esdeveniments culturals comissariats.<\/p>\n\n\n\n<p>Per a reserves i informaci\u00f3 t\u00e8cnica, contacteu amb:<\/p>\n\n\n\n<p><a href=\"mailto:malvawilde@gmail.com\">malvawilde@gmail.com<\/a><\/p>\n\n\n\n<p><\/p>","protected":false},"excerpt":{"rendered":"<p>Malva Wilde presents an intimate yet powerful live show, featuring original songs that blend folk, rock and indie pop. Available in full band or reduced formats, the project adapts naturally [&hellip;]<\/p>\n","protected":false},"author":1,"featured_media":0,"parent":0,"menu_order":0,"comment_status":"closed","ping_status":"closed","template":"","meta":{"footnotes":""},"class_list":["post-1688","page","type-page","status-publish","hentry"],"blocksy_meta":{"page_structure_type":"default","styles_descriptor":{"styles":{"desktop":"[data-prefix=\"single_page\"] .entry-header .page-title {--theme-font-size:30px;} [data-prefix=\"single_page\"] .entry-header .entry-meta {--theme-font-weight:600;--theme-text-transform:uppercase;--theme-font-size:12px;--theme-line-height:1.3;}","tablet":"","mobile":""},"google_fonts":{"Montserrat":["n4","n6"]},"version":6},"has_hero_section":"enabled"},"yoast_head":"<!-- This site is optimized with the Yoast SEO plugin v26.9 - https:\/\/yoast.com\/product\/yoast-seo-wordpress\/ -->\n<title>Booking - malvawilde<\/title>\n<meta name=\"robots\" content=\"index, follow, max-snippet:-1, max-image-preview:large, max-video-preview:-1\" \/>\n<link rel=\"canonical\" href=\"https:\/\/malvawilde.com\/ca\/booking\/\" \/>\n<meta property=\"og:locale\" content=\"ca_ES\" \/>\n<meta property=\"og:type\" content=\"article\" \/>\n<meta property=\"og:title\" content=\"Booking - malvawilde\" \/>\n<meta property=\"og:description\" content=\"Malva Wilde presents an intimate yet powerful live show, featuring original songs that blend folk, rock and indie pop. Available in full band or reduced formats, the project adapts naturally [&hellip;]\" \/>\n<meta property=\"og:url\" content=\"https:\/\/malvawilde.com\/ca\/booking\/\" \/>\n<meta property=\"og:site_name\" content=\"malvawilde\" \/>\n<meta property=\"article:modified_time\" content=\"2026-02-09T17:18:44+00:00\" \/>\n<meta name=\"twitter:card\" content=\"summary_large_image\" \/>\n<meta name=\"twitter:label1\" content=\"Temps estimat de lectura\" \/>\n\t<meta name=\"twitter:data1\" content=\"1 minut\" \/>\n<script type=\"application\/ld+json\" class=\"yoast-schema-graph\">{\"@context\":\"https:\/\/schema.org\",\"@graph\":[{\"@type\":\"WebPage\",\"@id\":\"https:\/\/malvawilde.com\/booking\/\",\"url\":\"https:\/\/malvawilde.com\/booking\/\",\"name\":\"Booking - malvawilde\",\"isPartOf\":{\"@id\":\"https:\/\/malvawilde.com\/#website\"},\"datePublished\":\"2026-02-09T15:48:25+00:00\",\"dateModified\":\"2026-02-09T17:18:44+00:00\",\"breadcrumb\":{\"@id\":\"https:\/\/malvawilde.com\/booking\/#breadcrumb\"},\"inLanguage\":\"ca\",\"potentialAction\":[{\"@type\":\"ReadAction\",\"target\":[\"https:\/\/malvawilde.com\/booking\/\"]}]},{\"@type\":\"BreadcrumbList\",\"@id\":\"https:\/\/malvawilde.com\/booking\/#breadcrumb\",\"itemListElement\":[{\"@type\":\"ListItem\",\"position\":1,\"name\":\"Portada\",\"item\":\"https:\/\/malvawilde.com\/\"},{\"@type\":\"ListItem\",\"position\":2,\"name\":\"Booking\"}]},{\"@type\":\"WebSite\",\"@id\":\"https:\/\/malvawilde.com\/#website\",\"url\":\"https:\/\/malvawilde.com\/\",\"name\":\"malvawilde\",\"description\":\"\",\"publisher\":{\"@id\":\"https:\/\/malvawilde.com\/#\/schema\/person\/4c1797fee3f97a664d532e9652824bfb\"},\"potentialAction\":[{\"@type\":\"SearchAction\",\"target\":{\"@type\":\"EntryPoint\",\"urlTemplate\":\"https:\/\/malvawilde.com\/?s={search_term_string}\"},\"query-input\":{\"@type\":\"PropertyValueSpecification\",\"valueRequired\":true,\"valueName\":\"search_term_string\"}}],\"inLanguage\":\"ca\"},{\"@type\":[\"Person\",\"Organization\"],\"@id\":\"https:\/\/malvawilde.com\/#\/schema\/person\/4c1797fee3f97a664d532e9652824bfb\",\"name\":\"malvawilde@gmail.com\",\"image\":{\"@type\":\"ImageObject\",\"inLanguage\":\"ca\",\"@id\":\"https:\/\/malvawilde.com\/#\/schema\/person\/image\/\",\"url\":\"https:\/\/malvawilde.com\/wp-content\/uploads\/2025\/01\/FOTO-5-HD-scaled.jpg\",\"contentUrl\":\"https:\/\/malvawilde.com\/wp-content\/uploads\/2025\/01\/FOTO-5-HD-scaled.jpg\",\"width\":1707,\"height\":2560,\"caption\":\"malvawilde@gmail.com\"},\"logo\":{\"@id\":\"https:\/\/malvawilde.com\/#\/schema\/person\/image\/\"},\"sameAs\":[\"http:\/\/malvawilde.com\"]}]}<\/script>\n<!-- \/ Yoast SEO plugin. -->","yoast_head_json":{"title":"Booking - malvawilde","robots":{"index":"index","follow":"follow","max-snippet":"max-snippet:-1","max-image-preview":"max-image-preview:large","max-video-preview":"max-video-preview:-1"},"canonical":"https:\/\/malvawilde.com\/ca\/booking\/","og_locale":"ca_ES","og_type":"article","og_title":"Booking - malvawilde","og_description":"Malva Wilde presents an intimate yet powerful live show, featuring original songs that blend folk, rock and indie pop. Available in full band or reduced formats, the project adapts naturally [&hellip;]","og_url":"https:\/\/malvawilde.com\/ca\/booking\/","og_site_name":"malvawilde","article_modified_time":"2026-02-09T17:18:44+00:00","twitter_card":"summary_large_image","twitter_misc":{"Temps estimat de lectura":"1 minut"},"schema":{"@context":"https:\/\/schema.org","@graph":[{"@type":"WebPage","@id":"https:\/\/malvawilde.com\/booking\/","url":"https:\/\/malvawilde.com\/booking\/","name":"Booking - malvawilde","isPartOf":{"@id":"https:\/\/malvawilde.com\/#website"},"datePublished":"2026-02-09T15:48:25+00:00","dateModified":"2026-02-09T17:18:44+00:00","breadcrumb":{"@id":"https:\/\/malvawilde.com\/booking\/#breadcrumb"},"inLanguage":"ca","potentialAction":[{"@type":"ReadAction","target":["https:\/\/malvawilde.com\/booking\/"]}]},{"@type":"BreadcrumbList","@id":"https:\/\/malvawilde.com\/booking\/#breadcrumb","itemListElement":[{"@type":"ListItem","position":1,"name":"Portada","item":"https:\/\/malvawilde.com\/"},{"@type":"ListItem","position":2,"name":"Booking"}]},{"@type":"WebSite","@id":"https:\/\/malvawilde.com\/#website","url":"https:\/\/malvawilde.com\/","name":"malvawilde","description":"","publisher":{"@id":"https:\/\/malvawilde.com\/#\/schema\/person\/4c1797fee3f97a664d532e9652824bfb"},"potentialAction":[{"@type":"SearchAction","target":{"@type":"EntryPoint","urlTemplate":"https:\/\/malvawilde.com\/?s={search_term_string}"},"query-input":{"@type":"PropertyValueSpecification","valueRequired":true,"valueName":"search_term_string"}}],"inLanguage":"ca"},{"@type":["Person","Organization"],"@id":"https:\/\/malvawilde.com\/#\/schema\/person\/4c1797fee3f97a664d532e9652824bfb","name":"malvawilde@gmail.com","image":{"@type":"ImageObject","inLanguage":"ca","@id":"https:\/\/malvawilde.com\/#\/schema\/person\/image\/","url":"https:\/\/malvawilde.com\/wp-content\/uploads\/2025\/01\/FOTO-5-HD-scaled.jpg","contentUrl":"https:\/\/malvawilde.com\/wp-content\/uploads\/2025\/01\/FOTO-5-HD-scaled.jpg","width":1707,"height":2560,"caption":"malvawilde@gmail.com"},"logo":{"@id":"https:\/\/malvawilde.com\/#\/schema\/person\/image\/"},"sameAs":["http:\/\/malvawilde.com"]}]}},"_links":{"self":[{"href":"https:\/\/malvawilde.com\/ca\/wp-json\/wp\/v2\/pages\/1688","targetHints":{"allow":["GET"]}}],"collection":[{"href":"https:\/\/malvawilde.com\/ca\/wp-json\/wp\/v2\/pages"}],"about":[{"href":"https:\/\/malvawilde.com\/ca\/wp-json\/wp\/v2\/types\/page"}],"author":[{"embeddable":true,"href":"https:\/\/malvawilde.com\/ca\/wp-json\/wp\/v2\/users\/1"}],"replies":[{"embeddable":true,"href":"https:\/\/malvawilde.com\/ca\/wp-json\/wp\/v2\/comments?post=1688"}],"version-history":[{"count":1,"href":"https:\/\/malvawilde.com\/ca\/wp-json\/wp\/v2\/pages\/1688\/revisions"}],"predecessor-version":[{"id":1689,"href":"https:\/\/malvawilde.com\/ca\/wp-json\/wp\/v2\/pages\/1688\/revisions\/1689"}],"wp:attachment":[{"href":"https:\/\/malvawilde.com\/ca\/wp-json\/wp\/v2\/media?parent=1688"}],"curies":[{"name":"wp","href":"https:\/\/api.w.org\/{rel}","templated":true}]}}